{"id":133,"date":"2023-07-20T15:01:28","date_gmt":"2023-07-20T13:01:28","guid":{"rendered":"https:\/\/sab-coach.com\/?page_id=133"},"modified":"2023-10-25T20:42:00","modified_gmt":"2023-10-25T18:42:00","slug":"mentions-legales","status":"publish","type":"page","link":"https:\/\/sab-coach.com\/index.php\/mentions-legales\/","title":{"rendered":"Mentions l\u00e9gales"},"content":{"rendered":"\t\t<div data-elementor-type=\"wp-page\" data-elementor-id=\"133\" class=\"elementor elementor-133\" data-elementor-post-type=\"page\">\n\t\t\t\t\t\t\t\t\t<section class=\"elementor-section elementor-top-section elementor-element elementor-element-2626f46 elementor-section-boxed elementor-section-height-default elementor-section-height-default\" data-id=\"2626f46\" data-element_type=\"section\">\n\t\t\t\t\t\t<div class=\"elementor-container elementor-column-gap-default\">\n\t\t\t\t\t<div class=\"elementor-column elementor-col-100 elementor-top-column elementor-element elementor-element-52aa83f\" data-id=\"52aa83f\" data-element_type=\"column\">\n\t\t\t<div class=\"elementor-widget-wrap elementor-element-populated\">\n\t\t\t\t\t\t\t\t<div class=\"elementor-element elementor-element-111f492 elementor-widget elementor-widget-heading\" data-id=\"111f492\" data-element_type=\"widget\" data-widget_type=\"heading.default\">\n\t\t\t\t<div class=\"elementor-widget-container\">\n\t\t\t<style>\/*! elementor - v3.17.0 - 08-11-2023 *\/\n.elementor-heading-title{padding:0;margin:0;line-height:1}.elementor-widget-heading .elementor-heading-title[class*=elementor-size-]>a{color:inherit;font-size:inherit;line-height:inherit}.elementor-widget-heading .elementor-heading-title.elementor-size-small{font-size:15px}.elementor-widget-heading .elementor-heading-title.elementor-size-medium{font-size:19px}.elementor-widget-heading .elementor-heading-title.elementor-size-large{font-size:29px}.elementor-widget-heading .elementor-heading-title.elementor-size-xl{font-size:39px}.elementor-widget-heading .elementor-heading-title.elementor-size-xxl{font-size:59px}<\/style><h2 class=\"elementor-heading-title elementor-size-default\">Mentions l\u00e9gales<\/h2>\t\t<\/div>\n\t\t\t\t<\/div>\n\t\t\t\t\t<\/div>\n\t\t<\/div>\n\t\t\t\t\t\t\t<\/div>\n\t\t<\/section>\n\t\t\t\t<section class=\"elementor-section elementor-top-section elementor-element elementor-element-c450c6c elementor-section-boxed elementor-section-height-default elementor-section-height-default\" data-id=\"c450c6c\" data-element_type=\"section\">\n\t\t\t\t\t\t<div class=\"elementor-container elementor-column-gap-default\">\n\t\t\t\t\t<div class=\"elementor-column elementor-col-100 elementor-top-column elementor-element elementor-element-5ca0b66\" data-id=\"5ca0b66\" data-element_type=\"column\">\n\t\t\t<div class=\"elementor-widget-wrap elementor-element-populated\">\n\t\t\t\t\t\t\t\t<div class=\"elementor-element elementor-element-9a499f4 elementor-widget elementor-widget-text-editor\" data-id=\"9a499f4\" data-element_type=\"widget\" data-widget_type=\"text-editor.default\">\n\t\t\t\t<div class=\"elementor-widget-container\">\n\t\t\t<style>\/*! elementor - v3.17.0 - 08-11-2023 *\/\n.elementor-widget-text-editor.elementor-drop-cap-view-stacked .elementor-drop-cap{background-color:#69727d;color:#fff}.elementor-widget-text-editor.elementor-drop-cap-view-framed .elementor-drop-cap{color:#69727d;border:3px solid;background-color:transparent}.elementor-widget-text-editor:not(.elementor-drop-cap-view-default) .elementor-drop-cap{margin-top:8px}.elementor-widget-text-editor:not(.elementor-drop-cap-view-default) .elementor-drop-cap-letter{width:1em;height:1em}.elementor-widget-text-editor .elementor-drop-cap{float:left;text-align:center;line-height:1;font-size:50px}.elementor-widget-text-editor .elementor-drop-cap-letter{display:inline-block}<\/style>\t\t\t\t<div class=\"mtheme-supercell clearfix \"><div class=\"mtheme-cell-wrap\"><div id=\"mtheme-block-1\" class=\"mtheme-block mtheme-block-em_sectionheading span12 mtheme-first-cell \" data-width=\"12\"><div class=\"section-heading none section-align-left\"><h2 class=\"section-title\">\u00c9dition du site<\/h2><\/div><\/div><\/div><\/div><div class=\"mtheme-supercell clearfix \"><div class=\"mtheme-cell-wrap\"><div id=\"mtheme-block-2\" class=\"mtheme-block mtheme-block-em_displayrichtext span12 mtheme-first-cell \" data-width=\"12\"><p>En vertu de\u00a0<a href=\"https:\/\/www.legifrance.gouv.fr\/affichTexte.do?cidTexte=JORFTEXT000000801164#LEGIARTI000042038977\" target=\"_blank\" rel=\"noreferrer noopener\">l\u2019article 6 de la loi n\u00b0 2004-575 du 21 juin 2004<\/a>\u00a0pour la confiance dans l\u2019\u00e9conomie num\u00e9rique, il est pr\u00e9cis\u00e9 aux utilisateurs du site internet <a href=\"https:\/\/sab-coach.com\">https:\/\/sab-coach.com<\/a>\u00a0l\u2019identit\u00e9 des diff\u00e9rents intervenants dans le cadre de sa r\u00e9alisation et de son suivi :<\/p><p>Identit\u00e9 de l&rsquo;entreprise : Sab Coaching<\/p><ul><li>Dirigeant : Sonia Abele<\/li><li>N\u00b0 SIREN :\u00a0912172970<\/li><li>128 rue du Mar\u00e9chal De Lattre de Tassigny,\u00a0<br \/>80000 Amiens<\/li><li><a href=\"tel:+33650288871\">+33(0) 6 50 28 88 71<\/a><\/li><li><a href=\"mailto:coachtherap@gmail.com\">coachtherap@gmail.com<\/a><\/li><\/ul><\/div><div id=\"mtheme-block-2\" class=\"mtheme-block mtheme-block-em_displayrichtext span12 mtheme-first-cell \" data-width=\"12\"><p>Propri\u00e9taire du site :\u00a0Sonia Abele<\/p><p>Cr\u00e9ation du site :\u00a0<a href=\"https:\/\/descottes-graphisme.fr\/\">La\u00ebtitia M.Descottes graphisme<\/a><\/p><ul><li><a>laetitia.descottes@outlook.com<\/a><\/li><li>38500 Saint Nicolas de Macherin<\/li><\/ul><p>Cr\u00e9dit photo : Gmax\u00a0\u00c9motion Cr\u00e9ative &amp; Unsplash<\/p><p>H\u00e9bergeur :\u00a0OVH<\/p><ul><li>140 Quai du Sartel, 59100 Roubaix<\/li><\/ul><\/div><\/div><\/div><div class=\"mtheme-supercell clearfix \"><div class=\"mtheme-cell-wrap\"><div id=\"mtheme-block-3\" class=\"mtheme-block mtheme-block-em_sectionheading span12 mtheme-first-cell \" data-width=\"12\"><div class=\"section-heading none section-align-left\"><h2 class=\"section-title\">Propri\u00e9t\u00e9 intellectuelle et contrefa\u00e7ons<\/h2><div class=\"section-end\"><strong>Sab Coaching<\/strong>\u00a0est propri\u00e9taire des droits de propri\u00e9t\u00e9 intellectuelle et d\u00e9tient les droits d\u2019usage sur tous les \u00e9l\u00e9ments accessibles sur le site internet, notamment les textes, images, graphismes, logos, vid\u00e9os, architecture, ic\u00f4nes et sons.<\/div><\/div><\/div><\/div><\/div><div class=\"mtheme-supercell clearfix \"><div class=\"mtheme-cell-wrap\"><div id=\"mtheme-block-4\" class=\"mtheme-block mtheme-block-em_displayrichtext span12 mtheme-first-cell \" data-width=\"12\"><p>Toute reproduction, repr\u00e9sentation, modification, publication, adaptation de tout ou partie des \u00e9l\u00e9ments du site, quel que soit le moyen ou le proc\u00e9d\u00e9 utilis\u00e9, est interdite, sauf autorisation \u00e9crite pr\u00e9alable de <strong>Sab Coaching<\/strong>.<\/p><p>Toute exploitation non autoris\u00e9e du site ou de l\u2019un quelconque des \u00e9l\u00e9ments qu\u2019il contient sera consid\u00e9r\u00e9e comme constitutive d\u2019une contrefa\u00e7on et poursuivie conform\u00e9ment aux dispositions des articles\u00a0<a href=\"https:\/\/www.legifrance.gouv.fr\/affichCodeArticle.do?idArticle=LEGIARTI000032655082&amp;cidTexte=LEGITEXT000006069414&amp;dateTexte=20160605\" target=\"_blank\" rel=\"noreferrer noopener\">L.335-2 et suivants du Code de Propri\u00e9t\u00e9 Intellectuelle<\/a>.<\/p><\/div><\/div><\/div><div class=\"mtheme-supercell clearfix \"><div class=\"mtheme-cell-wrap\"><div id=\"mtheme-block-5\" class=\"mtheme-block mtheme-block-em_sectionheading span12 mtheme-first-cell \" data-width=\"12\"><div class=\"section-heading none section-align-left\"><h2 class=\"section-title\">Limitations de responsabilit\u00e9<\/h2><\/div><\/div><\/div><\/div><div class=\"mtheme-supercell clearfix \"><div class=\"mtheme-cell-wrap\"><div id=\"mtheme-block-6\" class=\"mtheme-block mtheme-block-em_displayrichtext span12 mtheme-first-cell \" data-width=\"12\"><p><strong>Sab Coaching<\/strong>\u00a0ne pourra \u00eatre tenu pour responsable des dommages directs et indirects caus\u00e9s au mat\u00e9riel de l\u2019utilisateur, lors de l\u2019acc\u00e8s au site <a href=\"https:\/\/sab-coach.com\">https:\/\/sab-coach.com<\/a>.<\/p><p><strong>Sab Coaching<\/strong>\u00a0d\u00e9cline toute responsabilit\u00e9 quant \u00e0 l\u2019utilisation qui pourrait \u00eatre faite des informations et contenus pr\u00e9sents sur <a href=\"https:\/\/sab-coach.com\">https:\/\/sab-coach.com<\/a>.<\/p><p><strong>Sab Coaching<\/strong>\u00a0s\u2019engage \u00e0 s\u00e9curiser au mieux le site <a href=\"https:\/\/sab-coach.com\">https:\/\/sab-coach.com<\/a>, cependant sa responsabilit\u00e9 ne pourra \u00eatre mise en cause si des donn\u00e9es ind\u00e9sirables sont import\u00e9es et install\u00e9es sur son site \u00e0 son insu.<\/p><p>Des espaces interactifs (espace contact ou commentaires) sont \u00e0 la disposition des utilisateurs. <strong>Sab Coaching<\/strong>\u00a0se r\u00e9serve le droit de supprimer, sans mise en demeure pr\u00e9alable, tout contenu d\u00e9pos\u00e9 dans cet espace qui contreviendrait \u00e0 la l\u00e9gislation applicable en France, en particulier aux dispositions relatives \u00e0 la protection des donn\u00e9es.<\/p><p>Le cas \u00e9ch\u00e9ant, <strong>Sab Coaching<\/strong>\u00a0se r\u00e9serve \u00e9galement la possibilit\u00e9 de mettre en cause la responsabilit\u00e9 civile et\/ou p\u00e9nale de l\u2019utilisateur, notamment en cas de message \u00e0 caract\u00e8re raciste, injurieux, diffamant, ou pornographique, quel que soit le support utilis\u00e9 (texte, photographie \u2026).<\/p><\/div><\/div><\/div><div class=\"mtheme-supercell clearfix \"><div class=\"mtheme-cell-wrap\"><div id=\"mtheme-block-7\" class=\"mtheme-block mtheme-block-em_sectionheading span12 mtheme-first-cell \" data-width=\"12\"><div class=\"section-heading none section-align-left\"><h2 class=\"section-title\">Confidentialit\u00e9<\/h2><div class=\"section-end\"><strong>Sab Coaching<\/strong> n&rsquo;enregistre pas d&rsquo;informations personnelles permettant l&rsquo;identification, \u00e0 l&rsquo;exception des formulaires que l&rsquo;utilisateur est libre de remplir. Ces informations ne seront pas utilis\u00e9es sans votre accord, nous les utiliserons seulement pour vous adresser des courriers, des brochures, des devis ou vous contacter.<\/div><\/div><\/div><\/div><\/div><div class=\"mtheme-supercell clearfix \"><div class=\"mtheme-cell-wrap\"><div id=\"mtheme-block-8\" class=\"mtheme-block mtheme-block-em_displayrichtext span12 mtheme-first-cell \" data-width=\"12\"><p class=\"rtejustify\">Les informations recueillies sur les sites b\u00e9n\u00e9ficient de la protection de la loi \u00ab\u00a0Informatique et Libert\u00e9s\u00a0\u00bb n\u00b0 78-17 du 06 janvier 1978. Elles b\u00e9n\u00e9ficient d&rsquo;un droit d&rsquo;acc\u00e8s, de rectification, d&rsquo;opposition \u00e0 communication et de suppression sur simple demande via notre formulaire contact ou par courrier \u00e0 l&rsquo;adresse indiqu\u00e9e ci-dessous.<\/p><p class=\"rtejustify\">Nous pouvons\u00a0proc\u00e9der \u00e0 des analyses statistiques sans que celles-ci soient nominatives et pourra en informer des tiers (organismes d&rsquo;\u00e9valuation de fr\u00e9quentation) sous une forme r\u00e9sum\u00e9e et non nominative.<\/p><\/div><\/div><\/div><div class=\"mtheme-supercell clearfix \"><div class=\"mtheme-cell-wrap\"><div id=\"mtheme-block-9\" class=\"mtheme-block mtheme-block-em_sectionheading span12 mtheme-first-cell \" data-width=\"12\"><div class=\"section-heading none section-align-left\"><h2 class=\"section-title\">Liens hypertextes et cookies<\/h2><\/div><\/div><\/div><\/div><div class=\"mtheme-supercell clearfix \"><div class=\"mtheme-cell-wrap\"><div id=\"mtheme-block-10\" class=\"mtheme-block mtheme-block-em_displayrichtext span12 mtheme-first-cell \" data-width=\"12\"><p>Notre site\u00a0<a href=\"https:\/\/sab-coach.com\">https:\/\/sab-coach.com<\/a>\u00a0ne contr\u00f4le pas les sites en connexion avec le sien, et ne saurait donc \u00eatre responsable de leur contenu. Les risques li\u00e9s \u00e0 l&rsquo;utilisation de ces sites incombent pleinement \u00e0 l&rsquo;utilisateur. Il se conformera \u00e0 leurs conditions d&rsquo;utilisation.<\/p><p>Le bon fonctionnement du site Internet n\u00e9cessite l&rsquo;utilisation de cookies. Des informations non personnelles sont enregistr\u00e9es par ce syst\u00e8me de cookies (fichiers texte utilis\u00e9s pour reconna\u00eetre un utilisateur et ainsi faciliter son utilisation du site). Ceux-ci n&rsquo;ont aucune signification en dehors de leur utilisation sur le site.<\/p><\/div><\/div><\/div>\t\t\t\t\t\t<\/div>\n\t\t\t\t<\/div>\n\t\t\t\t\t<\/div>\n\t\t<\/div>\n\t\t\t\t\t\t\t<\/div>\n\t\t<\/section>\n\t\t\t\t\t\t\t<\/div>\n\t\t","protected":false},"excerpt":{"rendered":"<p>Mentions l\u00e9gales \u00c9dition du site En vertu de\u00a0l\u2019article 6 de la loi n\u00b0 2004-575 du 21 juin 2004\u00a0pour la confiance dans l\u2019\u00e9conomie num\u00e9rique, il est pr\u00e9cis\u00e9 aux utilisateurs du site internet https:\/\/sab-coach.com\u00a0l\u2019identit\u00e9 des diff\u00e9rents intervenants dans le cadre de sa r\u00e9alisation et de son suivi : Identit\u00e9 de l&rsquo;entreprise : Sab Coaching Dirigeant : Sonia [&hellip;]<\/p>\n","protected":false},"author":1,"featured_media":0,"parent":0,"menu_order":0,"comment_status":"closed","ping_status":"closed","template":"","meta":{"footnotes":""},"class_list":["post-133","page","type-page","status-publish","hentry","entry"],"yoast_head":"<!-- This site is optimized with the Yoast SEO plugin v21.6 - https:\/\/yoast.com\/wordpress\/plugins\/seo\/ -->\n<title>Mentions l\u00e9gales - Sab Coaching<\/title>\n<meta name=\"description\" content=\"Voici les mentions l\u00e9gales de Sab Coaching, coach en d\u00e9veloppement personnel.\" \/>\n<meta name=\"robots\" content=\"index, follow, max-snippet:-1, max-image-preview:large, max-video-preview:-1\" \/>\n<link rel=\"canonical\" href=\"https:\/\/sab-coach.com\/index.php\/mentions-legales\/\" \/>\n<meta property=\"og:locale\" content=\"fr_FR\" \/>\n<meta property=\"og:type\" content=\"article\" \/>\n<meta property=\"og:title\" content=\"Mentions l\u00e9gales - Sab Coaching\" \/>\n<meta property=\"og:description\" content=\"Voici les mentions l\u00e9gales de Sab Coaching, coach en d\u00e9veloppement personnel.\" \/>\n<meta property=\"og:url\" content=\"https:\/\/sab-coach.com\/index.php\/mentions-legales\/\" \/>\n<meta property=\"og:site_name\" content=\"Sab Coaching\" \/>\n<meta property=\"article:modified_time\" content=\"2023-10-25T18:42:00+00:00\" \/>\n<meta name=\"twitter:card\" content=\"summary_large_image\" \/>\n<meta name=\"twitter:label1\" content=\"Dur\u00e9e de lecture estim\u00e9e\" \/>\n\t<meta name=\"twitter:data1\" content=\"4 minutes\" \/>\n<script type=\"application\/ld+json\" class=\"yoast-schema-graph\">{\"@context\":\"https:\/\/schema.org\",\"@graph\":[{\"@type\":\"WebPage\",\"@id\":\"https:\/\/sab-coach.com\/index.php\/mentions-legales\/\",\"url\":\"https:\/\/sab-coach.com\/index.php\/mentions-legales\/\",\"name\":\"Mentions l\u00e9gales - Sab Coaching\",\"isPartOf\":{\"@id\":\"https:\/\/sab-coach.com\/#website\"},\"datePublished\":\"2023-07-20T13:01:28+00:00\",\"dateModified\":\"2023-10-25T18:42:00+00:00\",\"description\":\"Voici les mentions l\u00e9gales de Sab Coaching, coach en d\u00e9veloppement personnel.\",\"breadcrumb\":{\"@id\":\"https:\/\/sab-coach.com\/index.php\/mentions-legales\/#breadcrumb\"},\"inLanguage\":\"fr-FR\",\"potentialAction\":[{\"@type\":\"ReadAction\",\"target\":[\"https:\/\/sab-coach.com\/index.php\/mentions-legales\/\"]}]},{\"@type\":\"BreadcrumbList\",\"@id\":\"https:\/\/sab-coach.com\/index.php\/mentions-legales\/#breadcrumb\",\"itemListElement\":[{\"@type\":\"ListItem\",\"position\":1,\"name\":\"Accueil\",\"item\":\"https:\/\/sab-coach.com\/\"},{\"@type\":\"ListItem\",\"position\":2,\"name\":\"Mentions l\u00e9gales\"}]},{\"@type\":\"WebSite\",\"@id\":\"https:\/\/sab-coach.com\/#website\",\"url\":\"https:\/\/sab-coach.com\/\",\"name\":\"Sab Coaching\",\"description\":\"Conseils et accompagnement \u00e0 devenir la meilleure version de soi-m\u00eame\",\"publisher\":{\"@id\":\"https:\/\/sab-coach.com\/#organization\"},\"potentialAction\":[{\"@type\":\"SearchAction\",\"target\":{\"@type\":\"EntryPoint\",\"urlTemplate\":\"https:\/\/sab-coach.com\/?s={search_term_string}\"},\"query-input\":\"required name=search_term_string\"}],\"inLanguage\":\"fr-FR\"},{\"@type\":\"Organization\",\"@id\":\"https:\/\/sab-coach.com\/#organization\",\"name\":\"Sab Coaching\",\"url\":\"https:\/\/sab-coach.com\/\",\"logo\":{\"@type\":\"ImageObject\",\"inLanguage\":\"fr-FR\",\"@id\":\"https:\/\/sab-coach.com\/#\/schema\/logo\/image\/\",\"url\":\"https:\/\/i0.wp.com\/sab-coach.com\/wp-content\/uploads\/2023\/11\/SAB-COACHING-LOGO2-1.png?fit=2560%2C2560&ssl=1\",\"contentUrl\":\"https:\/\/i0.wp.com\/sab-coach.com\/wp-content\/uploads\/2023\/11\/SAB-COACHING-LOGO2-1.png?fit=2560%2C2560&ssl=1\",\"width\":2560,\"height\":2560,\"caption\":\"Sab Coaching\"},\"image\":{\"@id\":\"https:\/\/sab-coach.com\/#\/schema\/logo\/image\/\"},\"sameAs\":[\"https:\/\/www.instagram.com\/sab_coaching_therapie\/\"]}]}<\/script>\n<!-- \/ Yoast SEO plugin. -->","yoast_head_json":{"title":"Mentions l\u00e9gales - Sab Coaching","description":"Voici les mentions l\u00e9gales de Sab Coaching, coach en d\u00e9veloppement personnel.","robots":{"index":"index","follow":"follow","max-snippet":"max-snippet:-1","max-image-preview":"max-image-preview:large","max-video-preview":"max-video-preview:-1"},"canonical":"https:\/\/sab-coach.com\/index.php\/mentions-legales\/","og_locale":"fr_FR","og_type":"article","og_title":"Mentions l\u00e9gales - Sab Coaching","og_description":"Voici les mentions l\u00e9gales de Sab Coaching, coach en d\u00e9veloppement personnel.","og_url":"https:\/\/sab-coach.com\/index.php\/mentions-legales\/","og_site_name":"Sab Coaching","article_modified_time":"2023-10-25T18:42:00+00:00","twitter_card":"summary_large_image","twitter_misc":{"Dur\u00e9e de lecture estim\u00e9e":"4 minutes"},"schema":{"@context":"https:\/\/schema.org","@graph":[{"@type":"WebPage","@id":"https:\/\/sab-coach.com\/index.php\/mentions-legales\/","url":"https:\/\/sab-coach.com\/index.php\/mentions-legales\/","name":"Mentions l\u00e9gales - Sab Coaching","isPartOf":{"@id":"https:\/\/sab-coach.com\/#website"},"datePublished":"2023-07-20T13:01:28+00:00","dateModified":"2023-10-25T18:42:00+00:00","description":"Voici les mentions l\u00e9gales de Sab Coaching, coach en d\u00e9veloppement personnel.","breadcrumb":{"@id":"https:\/\/sab-coach.com\/index.php\/mentions-legales\/#breadcrumb"},"inLanguage":"fr-FR","potentialAction":[{"@type":"ReadAction","target":["https:\/\/sab-coach.com\/index.php\/mentions-legales\/"]}]},{"@type":"BreadcrumbList","@id":"https:\/\/sab-coach.com\/index.php\/mentions-legales\/#breadcrumb","itemListElement":[{"@type":"ListItem","position":1,"name":"Accueil","item":"https:\/\/sab-coach.com\/"},{"@type":"ListItem","position":2,"name":"Mentions l\u00e9gales"}]},{"@type":"WebSite","@id":"https:\/\/sab-coach.com\/#website","url":"https:\/\/sab-coach.com\/","name":"Sab Coaching","description":"Conseils et accompagnement \u00e0 devenir la meilleure version de soi-m\u00eame","publisher":{"@id":"https:\/\/sab-coach.com\/#organization"},"potentialAction":[{"@type":"SearchAction","target":{"@type":"EntryPoint","urlTemplate":"https:\/\/sab-coach.com\/?s={search_term_string}"},"query-input":"required name=search_term_string"}],"inLanguage":"fr-FR"},{"@type":"Organization","@id":"https:\/\/sab-coach.com\/#organization","name":"Sab Coaching","url":"https:\/\/sab-coach.com\/","logo":{"@type":"ImageObject","inLanguage":"fr-FR","@id":"https:\/\/sab-coach.com\/#\/schema\/logo\/image\/","url":"https:\/\/i0.wp.com\/sab-coach.com\/wp-content\/uploads\/2023\/11\/SAB-COACHING-LOGO2-1.png?fit=2560%2C2560&ssl=1","contentUrl":"https:\/\/i0.wp.com\/sab-coach.com\/wp-content\/uploads\/2023\/11\/SAB-COACHING-LOGO2-1.png?fit=2560%2C2560&ssl=1","width":2560,"height":2560,"caption":"Sab Coaching"},"image":{"@id":"https:\/\/sab-coach.com\/#\/schema\/logo\/image\/"},"sameAs":["https:\/\/www.instagram.com\/sab_coaching_therapie\/"]}]}},"jetpack_sharing_enabled":true,"_links":{"self":[{"href":"https:\/\/sab-coach.com\/index.php\/wp-json\/wp\/v2\/pages\/133","targetHints":{"allow":["GET"]}}],"collection":[{"href":"https:\/\/sab-coach.com\/index.php\/wp-json\/wp\/v2\/pages"}],"about":[{"href":"https:\/\/sab-coach.com\/index.php\/wp-json\/wp\/v2\/types\/page"}],"author":[{"embeddable":true,"href":"https:\/\/sab-coach.com\/index.php\/wp-json\/wp\/v2\/users\/1"}],"replies":[{"embeddable":true,"href":"https:\/\/sab-coach.com\/index.php\/wp-json\/wp\/v2\/comments?post=133"}],"version-history":[{"count":31,"href":"https:\/\/sab-coach.com\/index.php\/wp-json\/wp\/v2\/pages\/133\/revisions"}],"predecessor-version":[{"id":285,"href":"https:\/\/sab-coach.com\/index.php\/wp-json\/wp\/v2\/pages\/133\/revisions\/285"}],"wp:attachment":[{"href":"https:\/\/sab-coach.com\/index.php\/wp-json\/wp\/v2\/media?parent=133"}],"curies":[{"name":"wp","href":"https:\/\/api.w.org\/{rel}","templated":true}]}}